{"id":5323,"date":"2015-07-06T08:26:09","date_gmt":"2015-07-06T08:26:09","guid":{"rendered":"http:\/\/fioralba.it\/chi-siamo\/"},"modified":"2025-05-21T16:10:31","modified_gmt":"2025-05-21T14:10:31","slug":"ueber-uns","status":"publish","type":"page","link":"https:\/\/fioralba.it\/de\/ueber-uns\/","title":{"rendered":"\u00dcber uns"},"content":{"rendered":"<div id=\"pl-5323\"  class=\"panel-layout\" ><div id=\"pg-5323-0\"  class=\"panel-grid panel-no-style\" ><div id=\"pgc-5323-0-0\"  class=\"panel-grid-cell\" ><div id=\"panel-5323-0-0-0\" class=\"so-panel widget widget_icon-box panel-first-child panel-last-child\" data-index=\"0\" ><div class=\"panel-widget-style panel-widget-style-for-5323-0-0-0\" ><div class=\"thim-widget-icon-box thim-widget-icon-box-base template-base\"><div class=\"inner-box \"><div style=\"background-image:url()\" class=\"wrapper-box-icon text-center   wrapper-line-heading\" ><div class=\"smicon-box iconbox-top\"><div class=\"content-inner\" ><div class=\"sc-heading article_heading\"><h3 class = \"heading__primary\" >Agriturismo Fioralba<\/h3><span class=\"line-heading\"><span><\/span><\/span><\/div><div class=\"desc-icon-box\"><div ><p>Der Familienbetrieb Agricola Fioralba befindet sich in der-kleinen mittelalterichen Gemeinde Polpenazze del Garda, auf den Huegeln am Rande  des Gardasees und eingebettet-im Gruen der Weinberge und Olivenhaine, sehr charakteristisch f\u00fcr die Landschaften im \u201c Valtenesi\u201d.<\/p><p>Das kleine, familiengef\u00fchrte Unternehmen produziert und vertreibt \u00d6l und Wein mit Bio-Zertifikat und bietet gleichzeitig die M\u00f6glichkeit, einen erholsamen Urlaub oder ein Wochenende in den Ferienwohnungen des Agriturismo in einem gro\u00dfen Olivenhain in der N\u00e4he von Picedo von Polpenazze del Garda zu verbringen.<\/p>\n<p>Die Ferienwohnungen wurden 2019 erbaut und sind geschmackvoll und charmant eingerichtet, zudem unterstreichen schoene Holzbalken den lokalen Landhausstil. Von den H\u00fcgeln von Polpenazze aus k\u00f6nnen Sie eine bezaubernde Landschaft bewundern, die den Blick auf alle drei Ufer des Sees freigibt.<\/p>\n<p>Dies ist der ideale Ort f\u00fcr lange und angenehme Spazierg\u00e4nge in unserer unber\u00fchrten Natur, nur wenige Minuten von den Str\u00e4nden von Manerba del Garda entfernt.\nAusserdem erreichen Sie von dieser optimalen Lage zwischen Desenzano und Sal\u00f2 in kurzer Zeit alle touristischen Ziele des Sees sowie die verschiedenen Vergnuegungs- und Wasserparks, z. Beispiel Gardaland, Parco Natura Viva, Caneva World. Ebenso auch die Kunststaedte Verona, Mantua und Brescia.<\/p>\n<\/div><\/div><\/div><\/div><!--end smicon-box--><\/div><\/div><\/div><\/div><\/div><\/div><\/div><div id=\"pg-5323-1\"  class=\"panel-grid panel-no-style\" ><div id=\"pgc-5323-1-0\"  class=\"panel-grid-cell\" ><div id=\"panel-5323-1-0-0\" class=\"so-panel widget widget_icon-box panel-first-child\" data-index=\"1\" ><div class=\"panel-widget-style panel-widget-style-for-5323-1-0-0\" ><div class=\"thim-widget-icon-box thim-widget-icon-box-base template-base\"><div class=\"inner-box \"><div style=\"background-image:url()\" class=\"wrapper-box-icon text-center   wrapper-line-heading\" ><div class=\"smicon-box iconbox-top\"><div class=\"content-inner\" ><div class=\"sc-heading article_heading\"><h3 class = \"heading__primary\" >Ferienwohnungen<\/h3><span class=\"line-heading\"><span><\/span><\/span><\/div><div class=\"desc-icon-box\"><div ><p>Sie wurden 2019 unter Ber\u00fccksichtigung der Umwelt und Nachhaltigkeit gebaut und nutzen ausschlie\u00dflich Energien aus erneuerbaren Quellen.<\/p>\n\n<p>Ger\u00e4umige und helle Ferienwohnungen mit atemberaubender Aussicht, elegant eingerichtet, mit Klimaanlage, LCD-TV, Geschirrsp\u00fcler und Induktionsherd<\/p>\n<\/div><\/div><\/div><\/div><!--end smicon-box--><\/div><\/div><\/div><\/div><\/div><div id=\"panel-5323-1-0-1\" class=\"so-panel widget widget_sow-button panel-last-child\" data-index=\"2\" ><div\n\t\t\t\n\t\t\tclass=\"so-widget-sow-button so-widget-sow-button-flat-0b12c92f18f7-5323\"\n\t\t\t\n\t\t><div class=\"ow-button-base ow-button-align-center\"\n>\n\t\t\t<a\n\t\t\t\t\thref=\"http:\/\/fioralba.it\/de\/feriewohnungen\/\"\n\t\t\t\t\tclass=\"sowb-button ow-icon-placement-right ow-button-hover\" \t>\n\t\t<span>\n\t\t\t\n\t\t\tZu den Ferienwohnungen\t\t<\/span>\n\t\t\t<\/a>\n\t<\/div>\n<\/div><\/div><\/div><div id=\"pgc-5323-1-1\"  class=\"panel-grid-cell\" ><div id=\"panel-5323-1-1-0\" class=\"so-panel widget widget_icon-box panel-first-child\" data-index=\"3\" ><div class=\"panel-widget-style panel-widget-style-for-5323-1-1-0\" ><div class=\"thim-widget-icon-box thim-widget-icon-box-base template-base\"><div class=\"inner-box \"><div style=\"background-image:url()\" class=\"wrapper-box-icon text-center   wrapper-line-heading\" ><div class=\"smicon-box iconbox-top\"><div class=\"content-inner\" ><div class=\"sc-heading article_heading\"><h3 class = \"heading__primary\" >Typische Produkte<\/h3><span class=\"line-heading\"><span><\/span><\/span><\/div><div class=\"desc-icon-box\"><div ><p>Das kleine, familiengef\u00fchrte Unternehmen produziert und vertreibt \u00d6l und Wein mit Bio-Zertifikat<\/p><img decoding=\"async\" style=\"height:\" src=\"http:\/\/fioralba.it\/wp-content\/uploads\/2019\/05\/agriturismo-fioralba-prodotti-bilogici-logo.png\" width=\"\" height=\"\" alt=\"\u00dcber uns\"><\/div><\/div><\/div><\/div><!--end smicon-box--><\/div><\/div><\/div><\/div><\/div><div id=\"panel-5323-1-1-1\" class=\"so-panel widget widget_sow-button panel-last-child\" data-index=\"4\" ><div\n\t\t\t\n\t\t\tclass=\"so-widget-sow-button so-widget-sow-button-flat-0b12c92f18f7-5323\"\n\t\t\t\n\t\t><div class=\"ow-button-base ow-button-align-center\"\n>\n\t\t\t<a\n\t\t\t\t\thref=\"http:\/\/fioralba.it\/de\/bio-produkte\"\n\t\t\t\t\tclass=\"sowb-button ow-icon-placement-right ow-button-hover\" \t>\n\t\t<span>\n\t\t\t\n\t\t\tZu unseren Produkten\t\t<\/span>\n\t\t\t<\/a>\n\t<\/div>\n<\/div><\/div><\/div><\/div><div id=\"pg-5323-2\"  class=\"panel-grid panel-has-style\" ><div class=\"thim-bg-overlay siteorigin-panels-stretch article__parallax panel-row-style panel-row-style-for-5323-2\" data-stretch-type=\"full\" ><div id=\"pgc-5323-2-0\"  class=\"panel-grid-cell\" ><div id=\"panel-5323-2-0-0\" class=\"so-panel widget widget_siteorigin-panels-builder panel-first-child panel-last-child\" data-index=\"5\" ><div id=\"pl-w5d161ca9c34eb\"  class=\"panel-layout\" ><div id=\"pg-w5d161ca9c34eb-0\"  class=\"panel-grid panel-has-style\" ><div class=\"panel-row-style panel-row-style-for-w5d161ca9c34eb-0\" ><div id=\"pgc-w5d161ca9c34eb-0-0\"  class=\"panel-grid-cell\" ><div id=\"panel-w5d161ca9c34eb-0-0-0\" class=\"so-panel widget widget_counters-box panel-first-child panel-last-child\" data-index=\"0\" ><div class=\"thim-widget-counters-box thim-widget-counters-box-base template-base\"><div class=\"counter-box \" ><div class=\"counterbox-content\"><div class=\"content-box-percentage\"><span class=\"display-percentage\" data-percentage=\"9\">9<\/span><span class=\"counter-box-content\">wohnungen<\/span><\/div><\/div><\/div><\/div><\/div><\/div><div id=\"pgc-w5d161ca9c34eb-0-1\"  class=\"panel-grid-cell\" ><div id=\"panel-w5d161ca9c34eb-0-1-0\" class=\"so-panel widget widget_counters-box panel-first-child panel-last-child\" data-index=\"1\" ><div class=\"thim-widget-counters-box thim-widget-counters-box-base template-base\"><div class=\"counter-box \" ><div class=\"counterbox-content\"><div class=\"content-box-percentage\"><span class=\"display-percentage\" data-percentage=\"500\">500<\/span><span class=\"counter-box-content\">olivenpflanzen<\/span><\/div><\/div><\/div><\/div><\/div><\/div><div id=\"pgc-w5d161ca9c34eb-0-2\"  class=\"panel-grid-cell\" ><div id=\"panel-w5d161ca9c34eb-0-2-0\" class=\"so-panel widget widget_counters-box panel-first-child panel-last-child\" data-index=\"2\" ><div class=\"thim-widget-counters-box thim-widget-counters-box-base template-base\"><div class=\"counter-box \" ><div class=\"counterbox-content\"><div class=\"content-box-percentage\"><span class=\"display-percentage\" data-percentage=\"12\">12<\/span><span class=\"counter-box-content\">monate im Jahr<\/span><\/div><\/div><\/div><\/div><\/div><\/div><\/div><\/div><\/div><\/div><\/div><\/div><\/div><div id=\"pg-5323-3\"  class=\"panel-grid panel-no-style\" ><div id=\"pgc-5323-3-0\"  class=\"panel-grid-cell\" ><div id=\"panel-5323-3-0-0\" class=\"so-panel widget widget_icon-box panel-first-child\" data-index=\"6\" ><div class=\"thim-widget-icon-box thim-widget-icon-box-base template-base\"><div class=\"inner-box \"><div style=\"background-image:url()\" class=\"wrapper-box-icon text-center   wrapper-line-heading\" ><div class=\"smicon-box iconbox-top\"><div class=\"content-inner\" ><div class=\"sc-heading article_heading\"><h3 class = \"heading__primary\" >In der N\u00e4he: Dienstleistungen und mehr<\/h3><span class=\"line-heading\"><span><\/span><\/span><\/div><\/div><\/div><!--end smicon-box--><\/div><\/div><\/div><\/div><div id=\"panel-5323-3-0-1\" class=\"so-panel widget widget_list-html panel-last-child\" data-index=\"7\" ><div class=\"panel-widget-style panel-widget-style-for-5323-3-0-1\" ><div class=\"thim-widget-list-html thim-widget-list-html-base template-base\"><div class=\"list-html-content\"><div class=\"row\"><div class=\"col-sm-6\"><div class=\"item-content\"><div class=\"title-list\"><h5>1. Supermarkt <\/h5><\/div><div class=\"desc-list\">Innerhalb von 1 km finden Sie mehrere Superm\u00e4rkte und Lebensmittelm\u00e4rkte, in denen Sie alles finden, was Sie ben\u00f6tigen.<\/div><\/div><\/div><div class=\"col-sm-6\"><div class=\"item-content\"><div class=\"title-list\"><h5>2. Unterhaltung <\/h5><\/div><div class=\"desc-list\">Das Agriturismo Fioralba liegt 30 km von den sch\u00f6nsten Themenparks des Gardasees entfernt: Gardaland, Caneva World und vieles mehr.<\/div><\/div><\/div><\/div><div class=\"row\"><div class=\"col-sm-6\"><div class=\"item-content\"><div class=\"title-list\"><h5>3. Apotheken <\/h5><\/div><div class=\"desc-list\">F\u00fcr Notf\u00e4lle sind die Apotheken in der N\u00e4he rund um die Uhr ge\u00f6ffnet.<\/div><\/div><\/div><div class=\"col-sm-6\"><div class=\"item-content\"><div class=\"title-list\"><h5>4. Str\u00e4nde <\/h5><\/div><div class=\"desc-list\">In unmittelbarer N\u00e4he befinden sich die sch\u00f6nsten Str\u00e4nde des Gardasees: die Romantica, das Naturschutzgebiet Rocca und die \"Isola dei Conigli\".<\/div><\/div><\/div><\/div><div class=\"row\"><div class=\"col-sm-6\"><div class=\"item-content\"><div class=\"title-list\"><h5>5. Golf <\/h5><\/div><div class=\"desc-list\">In der N\u00e4he befinden sich einige der bekanntesten Golfclubs am Gardasee<\/div><\/div><\/div><div class=\"col-sm-6\"><div class=\"item-content\"><div class=\"title-list\"><h5>6. Sport <\/h5><\/div><div class=\"desc-list\">F\u00fcr diejenigen, die Sport lieben, sind zahlreiche Sportzentren leicht zu erreichen<\/div><\/div><\/div><\/div><span class=\"line-center\"><\/span><\/div><\/div><\/div><\/div><\/div><\/div><\/div>","protected":false},"excerpt":{"rendered":"<p>Agriturismo FioralbaDer Familienbetrieb Agricola Fioralba befindet sich in der-kleinen mittelalterichen Gemeinde Polpenazze del Garda, auf den Huegeln am Rande  des Gardasees und eingebettet-im Gruen der Weinberge und Olivenhaine, sehr charakteristisch f\u00fcr die Landschaften im \u201c Valtenesi\u201d.Das kleine, familiengef\u00fchrte Unternehmen produziert und vertreibt \u00d6l und Wein mit Bio-Zertifikat und bietet gleichzeitig die M\u00f6glichkeit, einen erholsamen <\/p>\n","protected":false},"author":1,"featured_media":0,"parent":0,"menu_order":0,"comment_status":"closed","ping_status":"closed","template":"","meta":{"footnotes":""},"class_list":["post-5323","page","type-page","status-publish","hentry"],"yoast_head":"<!-- This site is optimized with the Yoast SEO plugin v27.1.1 - https:\/\/yoast.com\/product\/yoast-seo-wordpress\/ -->\n<title>\u00dcber uns | Agriturismo Fioralba<\/title>\n<meta name=\"robots\" content=\"index, follow, max-snippet:-1, max-image-preview:large, max-video-preview:-1\" \/>\n<link rel=\"canonical\" href=\"https:\/\/fioralba.it\/de\/ueber-uns\/\" \/>\n<meta property=\"og:locale\" content=\"de_DE\" \/>\n<meta property=\"og:type\" content=\"article\" \/>\n<meta property=\"og:title\" content=\"\u00dcber uns | Agriturismo Fioralba\" \/>\n<meta property=\"og:description\" content=\"Agriturismo FioralbaDer Familienbetrieb Agricola Fioralba befindet sich in der-kleinen mittelalterichen Gemeinde Polpenazze del Garda, auf den Huegeln am Rande des Gardasees und eingebettet-im Gruen der Weinberge und Olivenhaine, sehr charakteristisch f\u00fcr die Landschaften im \u201c Valtenesi\u201d.Das kleine, familiengef\u00fchrte Unternehmen produziert und vertreibt \u00d6l und Wein mit Bio-Zertifikat und bietet gleichzeitig die M\u00f6glichkeit, einen erholsamen\" \/>\n<meta property=\"og:url\" content=\"https:\/\/fioralba.it\/de\/ueber-uns\/\" \/>\n<meta property=\"og:site_name\" content=\"Agriturismo Fioralba\" \/>\n<meta property=\"article:publisher\" content=\"https:\/\/www.facebook.com\/Agriturismo-Fioralba-407088226424974\/\" \/>\n<meta property=\"article:modified_time\" content=\"2025-05-21T14:10:31+00:00\" \/>\n<meta name=\"twitter:card\" content=\"summary_large_image\" \/>\n<meta name=\"twitter:label1\" content=\"Gesch\u00e4tzte Lesezeit\" \/>\n\t<meta name=\"twitter:data1\" content=\"3\u00a0Minuten\" \/>\n<script type=\"application\/ld+json\" class=\"yoast-schema-graph\">{\"@context\":\"https:\/\/schema.org\",\"@graph\":[{\"@type\":\"WebPage\",\"@id\":\"https:\/\/fioralba.it\/de\/ueber-uns\/\",\"url\":\"https:\/\/fioralba.it\/de\/ueber-uns\/\",\"name\":\"\u00dcber uns | Agriturismo Fioralba\",\"isPartOf\":{\"@id\":\"https:\/\/fioralba.it\/de\/#website\"},\"datePublished\":\"2015-07-06T08:26:09+00:00\",\"dateModified\":\"2025-05-21T14:10:31+00:00\",\"breadcrumb\":{\"@id\":\"https:\/\/fioralba.it\/de\/ueber-uns\/#breadcrumb\"},\"inLanguage\":\"de\",\"potentialAction\":[{\"@type\":\"ReadAction\",\"target\":[\"https:\/\/fioralba.it\/de\/ueber-uns\/\"]}]},{\"@type\":\"BreadcrumbList\",\"@id\":\"https:\/\/fioralba.it\/de\/ueber-uns\/#breadcrumb\",\"itemListElement\":[{\"@type\":\"ListItem\",\"position\":1,\"name\":\"Home\",\"item\":\"https:\/\/fioralba.it\/de\/\"},{\"@type\":\"ListItem\",\"position\":2,\"name\":\"\u00dcber uns\"}]},{\"@type\":\"WebSite\",\"@id\":\"https:\/\/fioralba.it\/de\/#website\",\"url\":\"https:\/\/fioralba.it\/de\/\",\"name\":\"Agriturismo Fioralba\",\"description\":\"Appartamenti e prodotti tipici del Lago di Garda\",\"publisher\":{\"@id\":\"https:\/\/fioralba.it\/de\/#organization\"},\"potentialAction\":[{\"@type\":\"SearchAction\",\"target\":{\"@type\":\"EntryPoint\",\"urlTemplate\":\"https:\/\/fioralba.it\/de\/?s={search_term_string}\"},\"query-input\":{\"@type\":\"PropertyValueSpecification\",\"valueRequired\":true,\"valueName\":\"search_term_string\"}}],\"inLanguage\":\"de\"},{\"@type\":\"Organization\",\"@id\":\"https:\/\/fioralba.it\/de\/#organization\",\"name\":\"Agriturismo Fioralba\",\"url\":\"https:\/\/fioralba.it\/de\/\",\"logo\":{\"@type\":\"ImageObject\",\"inLanguage\":\"de\",\"@id\":\"https:\/\/fioralba.it\/de\/#\/schema\/logo\/image\/\",\"url\":\"https:\/\/fioralba.it\/wp-content\/uploads\/2019\/05\/Agriturismo-Fioralba-logo-nto.png\",\"contentUrl\":\"https:\/\/fioralba.it\/wp-content\/uploads\/2019\/05\/Agriturismo-Fioralba-logo-nto.png\",\"width\":715,\"height\":200,\"caption\":\"Agriturismo Fioralba\"},\"image\":{\"@id\":\"https:\/\/fioralba.it\/de\/#\/schema\/logo\/image\/\"},\"sameAs\":[\"https:\/\/www.facebook.com\/Agriturismo-Fioralba-407088226424974\/\",\"https:\/\/www.instagram.com\/_fioralba_\/\"]}]}<\/script>\n<!-- \/ Yoast SEO plugin. -->","yoast_head_json":{"title":"\u00dcber uns | Agriturismo Fioralba","robots":{"index":"index","follow":"follow","max-snippet":"max-snippet:-1","max-image-preview":"max-image-preview:large","max-video-preview":"max-video-preview:-1"},"canonical":"https:\/\/fioralba.it\/de\/ueber-uns\/","og_locale":"de_DE","og_type":"article","og_title":"\u00dcber uns | Agriturismo Fioralba","og_description":"Agriturismo FioralbaDer Familienbetrieb Agricola Fioralba befindet sich in der-kleinen mittelalterichen Gemeinde Polpenazze del Garda, auf den Huegeln am Rande des Gardasees und eingebettet-im Gruen der Weinberge und Olivenhaine, sehr charakteristisch f\u00fcr die Landschaften im \u201c Valtenesi\u201d.Das kleine, familiengef\u00fchrte Unternehmen produziert und vertreibt \u00d6l und Wein mit Bio-Zertifikat und bietet gleichzeitig die M\u00f6glichkeit, einen erholsamen","og_url":"https:\/\/fioralba.it\/de\/ueber-uns\/","og_site_name":"Agriturismo Fioralba","article_publisher":"https:\/\/www.facebook.com\/Agriturismo-Fioralba-407088226424974\/","article_modified_time":"2025-05-21T14:10:31+00:00","twitter_card":"summary_large_image","twitter_misc":{"Gesch\u00e4tzte Lesezeit":"3\u00a0Minuten"},"schema":{"@context":"https:\/\/schema.org","@graph":[{"@type":"WebPage","@id":"https:\/\/fioralba.it\/de\/ueber-uns\/","url":"https:\/\/fioralba.it\/de\/ueber-uns\/","name":"\u00dcber uns | Agriturismo Fioralba","isPartOf":{"@id":"https:\/\/fioralba.it\/de\/#website"},"datePublished":"2015-07-06T08:26:09+00:00","dateModified":"2025-05-21T14:10:31+00:00","breadcrumb":{"@id":"https:\/\/fioralba.it\/de\/ueber-uns\/#breadcrumb"},"inLanguage":"de","potentialAction":[{"@type":"ReadAction","target":["https:\/\/fioralba.it\/de\/ueber-uns\/"]}]},{"@type":"BreadcrumbList","@id":"https:\/\/fioralba.it\/de\/ueber-uns\/#breadcrumb","itemListElement":[{"@type":"ListItem","position":1,"name":"Home","item":"https:\/\/fioralba.it\/de\/"},{"@type":"ListItem","position":2,"name":"\u00dcber uns"}]},{"@type":"WebSite","@id":"https:\/\/fioralba.it\/de\/#website","url":"https:\/\/fioralba.it\/de\/","name":"Agriturismo Fioralba","description":"Appartamenti e prodotti tipici del Lago di Garda","publisher":{"@id":"https:\/\/fioralba.it\/de\/#organization"},"potentialAction":[{"@type":"SearchAction","target":{"@type":"EntryPoint","urlTemplate":"https:\/\/fioralba.it\/de\/?s={search_term_string}"},"query-input":{"@type":"PropertyValueSpecification","valueRequired":true,"valueName":"search_term_string"}}],"inLanguage":"de"},{"@type":"Organization","@id":"https:\/\/fioralba.it\/de\/#organization","name":"Agriturismo Fioralba","url":"https:\/\/fioralba.it\/de\/","logo":{"@type":"ImageObject","inLanguage":"de","@id":"https:\/\/fioralba.it\/de\/#\/schema\/logo\/image\/","url":"https:\/\/fioralba.it\/wp-content\/uploads\/2019\/05\/Agriturismo-Fioralba-logo-nto.png","contentUrl":"https:\/\/fioralba.it\/wp-content\/uploads\/2019\/05\/Agriturismo-Fioralba-logo-nto.png","width":715,"height":200,"caption":"Agriturismo Fioralba"},"image":{"@id":"https:\/\/fioralba.it\/de\/#\/schema\/logo\/image\/"},"sameAs":["https:\/\/www.facebook.com\/Agriturismo-Fioralba-407088226424974\/","https:\/\/www.instagram.com\/_fioralba_\/"]}]}},"_links":{"self":[{"href":"https:\/\/fioralba.it\/de\/wp-json\/wp\/v2\/pages\/5323","targetHints":{"allow":["GET"]}}],"collection":[{"href":"https:\/\/fioralba.it\/de\/wp-json\/wp\/v2\/pages"}],"about":[{"href":"https:\/\/fioralba.it\/de\/wp-json\/wp\/v2\/types\/page"}],"author":[{"embeddable":true,"href":"https:\/\/fioralba.it\/de\/wp-json\/wp\/v2\/users\/1"}],"replies":[{"embeddable":true,"href":"https:\/\/fioralba.it\/de\/wp-json\/wp\/v2\/comments?post=5323"}],"version-history":[{"count":12,"href":"https:\/\/fioralba.it\/de\/wp-json\/wp\/v2\/pages\/5323\/revisions"}],"predecessor-version":[{"id":8067,"href":"https:\/\/fioralba.it\/de\/wp-json\/wp\/v2\/pages\/5323\/revisions\/8067"}],"wp:attachment":[{"href":"https:\/\/fioralba.it\/de\/wp-json\/wp\/v2\/media?parent=5323"}],"curies":[{"name":"wp","href":"https:\/\/api.w.org\/{rel}","templated":true}]}}